{"id":65,"date":"2020-02-05T11:13:44","date_gmt":"2020-02-05T11:13:44","guid":{"rendered":"https:\/\/www.hotelstil.creare-siteweb.ro\/?page_id=65"},"modified":"2024-02-01T08:19:48","modified_gmt":"2024-02-01T06:19:48","slug":"rezervare","status":"publish","type":"page","link":"https:\/\/www.hotelstil.com\/en\/rezervare\/","title":{"rendered":"Rezervare"},"content":{"rendered":"\t\t<div data-elementor-type=\"wp-page\" data-elementor-id=\"65\" class=\"elementor elementor-65\" data-elementor-settings=\"{&quot;ha_cmc_init_switcher&quot;:&quot;no&quot;}\" data-elementor-post-type=\"page\">\n\t\t\t\t\t\t<section class=\"elementor-section elementor-top-section elementor-element elementor-element-17c455b6 elementor-section-boxed elementor-section-height-default elementor-section-height-default\" data-id=\"17c455b6\" data-element_type=\"section\" data-e-type=\"section\" data-settings=\"{&quot;_ha_eqh_enable&quot;:false}\">\n\t\t\t\t\t\t<div class=\"elementor-container elementor-column-gap-default\">\n\t\t\t\t\t<div class=\"elementor-column elementor-col-100 elementor-top-column elementor-element elementor-element-12c20e91\" data-id=\"12c20e91\" data-element_type=\"column\" data-e-type=\"column\">\n\t\t\t<div class=\"elementor-widget-wrap elementor-element-populated\">\n\t\t\t\t\t\t<div class=\"elementor-element elementor-element-a64e816 elementor-widget elementor-widget-heading\" data-id=\"a64e816\" data-element_type=\"widget\" data-e-type=\"widget\" data-widget_type=\"heading.default\">\n\t\t\t\t<div class=\"elementor-widget-container\">\n\t\t\t\t\t<h2 class=\"elementor-heading-title elementor-size-default\">FORMULAR DE REZERVARE<\/h2>\t\t\t\t<\/div>\n\t\t\t\t<\/div>\n\t\t\t\t<div class=\"elementor-element elementor-element-2ce0e0c5 elementor-widget elementor-widget-spacer\" data-id=\"2ce0e0c5\" data-element_type=\"widget\" data-e-type=\"widget\" data-widget_type=\"spacer.default\">\n\t\t\t\t<div class=\"elementor-widget-container\">\n\t\t\t\t\t\t\t<div class=\"elementor-spacer\">\n\t\t\t<div class=\"elementor-spacer-inner\"><\/div>\n\t\t<\/div>\n\t\t\t\t\t\t<\/div>\n\t\t\t\t<\/div>\n\t\t\t\t\t<\/div>\n\t\t<\/div>\n\t\t\t\t\t<\/div>\n\t\t<\/section>\n\t\t<div class=\"elementor-element elementor-element-81b9553 e-flex e-con-boxed e-con e-parent\" data-id=\"81b9553\" data-element_type=\"container\" data-e-type=\"container\" data-settings=\"{&quot;_ha_eqh_enable&quot;:false}\">\n\t\t\t\t\t<div class=\"e-con-inner\">\n\t\t<div class=\"elementor-element elementor-element-2bc87e5 e-con-full e-flex e-con e-child\" data-id=\"2bc87e5\" data-element_type=\"container\" data-e-type=\"container\" data-settings=\"{&quot;_ha_eqh_enable&quot;:false}\">\n\t\t\t\t<div class=\"elementor-element elementor-element-61d2745 elementor-widget elementor-widget-shortcode\" data-id=\"61d2745\" data-element_type=\"widget\" data-e-type=\"widget\" data-widget_type=\"shortcode.default\">\n\t\t\t\t<div class=\"elementor-widget-container\">\n\t\t\t\t\t\t\t<div class=\"elementor-shortcode\">\n<div class=\"wpcf7 no-js\" id=\"wpcf7-f4991-o1\" lang=\"ro-RO\" dir=\"ltr\" data-wpcf7-id=\"4991\">\n<div class=\"screen-reader-response\"><p role=\"status\" aria-live=\"polite\" aria-atomic=\"true\"><\/p> <ul><\/ul><\/div>\n<form action=\"\/en\/wp-json\/wp\/v2\/pages\/65#wpcf7-f4991-o1\" method=\"post\" class=\"wpcf7-form init cf7mls-no-scroll cf7mls-auto-return-first-step cf7mls-no-moving-animation\" aria-label=\"Formular de contact\" novalidate=\"novalidate\" data-status=\"init\">\n<fieldset class=\"hidden-fields-container\"><input type=\"hidden\" name=\"_wpcf7\" value=\"4991\" \/><input type=\"hidden\" name=\"_wpcf7_version\" value=\"6.1.5\" \/><input type=\"hidden\" name=\"_wpcf7_locale\" value=\"ro_RO\" \/><input type=\"hidden\" name=\"_wpcf7_unit_tag\" value=\"wpcf7-f4991-o1\" \/><input type=\"hidden\" name=\"_wpcf7_container_post\" value=\"0\" \/><input type=\"hidden\" name=\"_wpcf7_posted_data_hash\" value=\"\" \/>\n<\/fieldset>\n<div class=\"fieldset-cf7mls-wrapper\" data-transition-effects><fieldset class=\"fieldset-cf7mls cf7mls_current_fs\"><h3 class=\"form-step\">Pasul 1 din 3: Detalii de contact\n<\/h3>\n<p><span class=\"wpcf7-form-control-wrap\" data-name=\"your-prenume\"><input size=\"40\" maxlength=\"400\" class=\"wpcf7-form-control wpcf7-text wpcf7-validates-as-required\" aria-required=\"true\" aria-invalid=\"false\" placeholder=\"Prenume*\" value=\"\" type=\"text\" name=\"your-prenume\" \/><\/span>\n<\/p>\n<p><span class=\"wpcf7-form-control-wrap\" data-name=\"your-name\"><input size=\"40\" maxlength=\"400\" class=\"wpcf7-form-control wpcf7-text wpcf7-validates-as-required\" aria-required=\"true\" aria-invalid=\"false\" placeholder=\"Nume*\" value=\"\" type=\"text\" name=\"your-name\" \/><\/span>\n<\/p>\n<p><span class=\"wpcf7-form-control-wrap\" data-name=\"your-email\"><input size=\"40\" maxlength=\"400\" class=\"wpcf7-form-control wpcf7-email wpcf7-validates-as-required wpcf7-text wpcf7-validates-as-email\" aria-required=\"true\" aria-invalid=\"false\" placeholder=\"Email*\" value=\"\" type=\"email\" name=\"your-email\" \/><\/span>\n<\/p>\n<p><span class=\"wpcf7-form-control-wrap\" data-name=\"telefon\"><input size=\"40\" maxlength=\"400\" class=\"wpcf7-form-control wpcf7-tel wpcf7-validates-as-required wpcf7-text wpcf7-validates-as-tel\" id=\"numar-telefon\" aria-required=\"true\" aria-invalid=\"false\" placeholder=\"Telefon*\" value=\"\" type=\"tel\" name=\"telefon\" \/><\/span><br \/>\n<div class=\"cf7mls-btns \"><button type=\"button\" class=\"cf7mls_next cf7mls_btn action-button\" name=\"cf7mls_next\" id=\"cf7mls-next-btn-cf7mls_step-1\" style=\" \">\u00cenainte<img decoding=\"async\" src=\"https:\/\/www.hotelstil.com\/wp-content\/plugins\/cf7-multi-step\/assets\/frontend\/img\/loader.svg\" alt=\"Step Loading\" data-lazy-src=\"https:\/\/www.hotelstil.com\/wp-content\/plugins\/cf7-multi-step\/assets\/frontend\/img\/loader.svg\" style=\"display: none;\" \/><\/button><\/div><p><\/p><\/fieldset><fieldset class=\"fieldset-cf7mls\">\n<\/p>\n<h3 class=\"form-step\">Pasul 2 din 3: Date de rezervare\n<\/h3>\n<div class=\"check-in-out grid-custom\">\n\t<p><label for=\"check-in\">Check-in*<\/label><br \/>\n<span class=\"wpcf7-form-control-wrap\" data-name=\"check-in\"><input class=\"wpcf7-form-control wpcf7-date wpcf7-validates-as-required wpcf7-validates-as-date\" id=\"check-in\" aria-required=\"true\" aria-invalid=\"false\" value=\"\" type=\"date\" name=\"check-in\" \/><\/span>\n\t<\/p>\n\t<p><label for=\"check-out\">Check-out*<\/label><br \/>\n<span class=\"wpcf7-form-control-wrap\" data-name=\"check-out\"><input class=\"wpcf7-form-control wpcf7-date wpcf7-validates-as-required wpcf7-validates-as-date\" id=\"check-out\" aria-required=\"true\" aria-invalid=\"false\" value=\"\" type=\"date\" name=\"check-out\" \/><\/span>\n\t<\/p>\n\t<p><label for=\"numar-nopti\">Num\u0103r nop\u021bi*<\/label><br \/>\n<span class=\"wpcf7-form-control-wrap\" data-name=\"numar-nopti\"><input class=\"wpcf7-form-control wpcf7-number wpcf7-validates-as-required wpcf7-validates-as-number\" id=\"numar-nopti\" min=\"1\" aria-required=\"true\" aria-invalid=\"false\" placeholder=\"0\" value=\"\" type=\"number\" name=\"numar-nopti\" \/><\/span>\n\t<\/p>\n<\/div>\n<p><div class=\"cf7mls-btns \"><button type=\"button\" class=\"cf7mls_back action-button\" name=\"cf7mls_back\" id=\"cf7mls-back-btn-cf7mls_step-2\" style=\" \">\u00cenapoi<\/button><button type=\"button\" class=\"cf7mls_next cf7mls_btn action-button\" name=\"cf7mls_next\" id=\"cf7mls-next-btn-cf7mls_step-2\" style=\" \">\u00cenainte<img decoding=\"async\" src=\"https:\/\/www.hotelstil.com\/wp-content\/plugins\/cf7-multi-step\/assets\/frontend\/img\/loader.svg\" alt=\"Step Loading\" data-lazy-src=\"https:\/\/www.hotelstil.com\/wp-content\/plugins\/cf7-multi-step\/assets\/frontend\/img\/loader.svg\" style=\"display: none;\" \/><\/button><\/div><p><\/p><\/fieldset><fieldset class=\"fieldset-cf7mls\">\n<\/p>\n<h3 class=\"form-step\">Pasul final: Tip camer\u0103\n<\/h3>\n<p><span class=\"wpcf7-form-control-wrap\" data-name=\"numar-adulti\"><input class=\"wpcf7-form-control wpcf7-number wpcf7-validates-as-required wpcf7-validates-as-number\" min=\"1\" aria-required=\"true\" aria-invalid=\"false\" placeholder=\"Num\u0103r adul\u021bi*\" value=\"\" type=\"number\" name=\"numar-adulti\" \/><\/span>\n<\/p>\n<p><span class=\"wpcf7-form-control-wrap\" data-name=\"numar-copii\"><input class=\"wpcf7-form-control wpcf7-number wpcf7-validates-as-number\" aria-invalid=\"false\" placeholder=\"Num\u0103r copii\" value=\"\" type=\"number\" name=\"numar-copii\" \/><\/span>\n<\/p>\n<p><span class=\"wpcf7-form-control-wrap\" data-name=\"tip-camera\"><select class=\"wpcf7-form-control wpcf7-select wpcf7-validates-as-required\" aria-required=\"true\" aria-invalid=\"false\" name=\"tip-camera\"><option value=\"\">Tip camer\u0103*<\/option><option value=\"Camer\u0103 standard\">Camer\u0103 standard<\/option><option value=\"Camer\u0103 superioar\u0103\">Camer\u0103 superioar\u0103<\/option><option value=\"Apartament\">Apartament<\/option><option value=\"Suit\u0103\">Suit\u0103<\/option><\/select><\/span>\n<\/p>\n<p><span class=\"wpcf7-form-control-wrap\" data-name=\"observatii\"><textarea cols=\"40\" rows=\"10\" maxlength=\"2000\" class=\"wpcf7-form-control wpcf7-textarea\" aria-invalid=\"false\" placeholder=\"Observa\u021bii\" name=\"observatii\"><\/textarea><\/span>\n<\/p>\n<p>Acest formular colecteaz\u0103 numele, prenumele, adresa dumneavoastr\u0103 de e-mail \u0219i num\u0103rul de telefon, pentru a putea s\u0103 v\u0103 raspundem solicit\u0103rilor. Pentru mai multe informa\u021bii, verifica\u021bi <a href=\"https:\/\/www.hotelstil.com\/politica-de-confidentialitate\/\">Politica de confiden\u021bialitate<\/a> , pentru a vedea cum, unde \u0219i de ce salv\u0103m datele trimise.\n<\/p>\n<p><span class=\"wpcf7-form-control-wrap\" data-name=\"acceptance\"><span class=\"wpcf7-form-control wpcf7-acceptance\"><span class=\"wpcf7-list-item\"><label><input type=\"checkbox\" name=\"acceptance\" value=\"1\" aria-invalid=\"false\" \/><span class=\"wpcf7-list-item-label\">Am citit si sunt de acord cu <a href=\"https:\/\/www.hotelstil.com\/politica-de-confidentialitate\/\">Politica de confiden\u021bialitate.<\/a><\/span><\/label><\/span><\/span><\/span>\n<\/p>\n<p><span class=\"wpcf7-form-control-wrap\" data-name=\"acceptance2\"><span class=\"wpcf7-form-control wpcf7-acceptance\"><span class=\"wpcf7-list-item\"><label><input type=\"checkbox\" name=\"acceptance2\" value=\"1\" aria-invalid=\"false\" \/><span class=\"wpcf7-list-item-label\">Am citit si sunt de acord cu <a href=\"https:\/\/www.hotelstil.com\/termenii-si-conditii-rezervare\/\">Termenii si conditiile de rezervare.<\/a><\/span><\/label><\/span><\/span><\/span>\n<\/p>\n<p><input class=\"wpcf7-form-control wpcf7-submit has-spinner\" type=\"submit\" value=\"Solicit\u0103 rezervarea\" \/><div class=\"cf7mls-btns cf7mls-btns-last-step\"><button type=\"button\" class=\"cf7mls_back action-button\" name=\"cf7mls_back\" id=\"cf7mls-back-btn-cf7mls_step-3\" style=\" \">\u00cenapoi<\/button><button type=\"button\" style=\"display: none;\" class=\"cf7mls_next cf7mls_btn action-button\" name=\"cf7mls_next\" id=\"cf7mls-next-btn-cf7mls_step-3\" style=\" \"><img decoding=\"async\" src=\"https:\/\/www.hotelstil.com\/wp-content\/plugins\/cf7-multi-step\/assets\/frontend\/img\/loader.svg\" alt=\"Step Loading\" data-lazy-src=\"https:\/\/www.hotelstil.com\/wp-content\/plugins\/cf7-multi-step\/assets\/frontend\/img\/loader.svg\" style=\"display: none;\" \/><\/button>\n<\/p><\/fieldset><\/div><div class=\"wpcf7-response-output\" aria-hidden=\"true\"><\/div>\n<\/form>\n<\/div>\n<\/div>\n\t\t\t\t\t\t<\/div>\n\t\t\t\t<\/div>\n\t\t\t\t<\/div>\n\t\t\t\t\t<\/div>\n\t\t\t\t<\/div>\n\t\t\t\t<section class=\"elementor-section elementor-top-section elementor-element elementor-element-9232bd8 elementor-section-boxed elementor-section-height-default elementor-section-height-default\" data-id=\"9232bd8\" data-element_type=\"section\" data-e-type=\"section\" data-settings=\"{&quot;_ha_eqh_enable&quot;:false}\">\n\t\t\t\t\t\t<div class=\"elementor-container elementor-column-gap-default\">\n\t\t\t\t\t<div class=\"elementor-column elementor-col-100 elementor-top-column elementor-element elementor-element-c35adf0\" data-id=\"c35adf0\" data-element_type=\"column\" data-e-type=\"column\">\n\t\t\t<div class=\"elementor-widget-wrap elementor-element-populated\">\n\t\t\t\t\t\t<div class=\"elementor-element elementor-element-456c202 elementor-widget elementor-widget-html\" data-id=\"456c202\" data-element_type=\"widget\" data-e-type=\"widget\" data-widget_type=\"html.default\">\n\t\t\t\t<div class=\"elementor-widget-container\">\n\t\t\t\t\t    <script>\r\ndocument.addEventListener('DOMContentLoaded', function() {\r\n    var today = new Date();\r\n    \/\/ Set minimum date for check-out to tomorrow\r\n    var tomorrow = new Date(today);\r\n\r\n    var checkInInput = document.getElementById('check-in');\r\n    var checkOutInput = document.getElementById('check-out');\r\n    \r\n    const resultElement = document.getElementById('numar-nopti');\r\n\r\n    \/\/ Set minimum date for check-in to today and min for check-out tomorrow\r\n    var todayFormatted = today.toISOString().split('T')[0];\r\n    checkInInput.setAttribute('min', todayFormatted);\r\n    \r\n    tomorrow.setDate(today.getDate() + 1);\r\n    var tomorrowFormatted = tomorrow.toISOString().split('T')[0];\r\n    checkOutInput.setAttribute('min', tomorrowFormatted);\r\n    \r\n    resultElement.readOnly = true; \r\n    \r\n    function handleDateInputChange(inputType) {\r\n        \/\/ Get the selected value of the date input\r\n        const checkInValue = checkInInput.value;\r\n        const checkOutValue = checkOutInput.value;\r\n\r\n        \/\/ Convert strings to Date objects and set hours, minutes, and seconds to midnight\r\n        var checkInDate = new Date(checkInValue);\r\n        checkInDate.setHours(0, 0, 0, 0);\r\n\r\n        var checkOutDate = new Date(checkOutValue);\r\n        checkOutDate.setHours(0, 0, 0, 0);\r\n        \r\n        if(inputType==='check-out'){\r\n        var checkInMax = new Date(checkOutDate);\r\n        if (!isNaN(checkInMax.getTime())) {\r\n        checkInMax.setHours(0, 0, 0, 0);\r\n        checkInMax.setDate(checkInMax.getDate());\r\n        var checkInMaxFormatted = checkInMax.toISOString().split('T')[0];\r\n        checkInInput.setAttribute('max', checkInMaxFormatted);\r\n        }\r\n        }\r\n        else if(inputType==='check-in'){\r\n        var checkOutMin = new Date(checkInDate);\r\n        if (!isNaN(checkOutMin.getTime())) {\r\n        checkOutMin.setHours(0, 0, 0, 0);\r\n        checkOutMin.setDate(checkOutMin.getDate() + 2);\r\n        var checkOutMinFormatted = checkOutMin.toISOString().split('T')[0];\r\n        checkOutInput.setAttribute('min', checkOutMinFormatted);\r\n        }\r\n        }\r\n        \r\n        \/\/ Calculate the difference in milliseconds\r\n        const timeDifference = checkOutDate - checkInDate;\r\n        var daysDifference = timeDifference \/ (1000 * 60 * 60 * 24);\r\n\r\n\/\/ Update the result in the output element\r\nif (daysDifference > 0) {\r\n    resultElement.value = daysDifference;\r\n    resultElement.readOnly = true; \r\n} else {\r\n    resultElement.value = 0;\r\n}\r\n    }\r\n\r\n\/\/ Attach the event listeners to checkInInput\r\ncheckInInput.addEventListener('change', () => handleDateInputChange('check-in'));\r\n\r\n\/\/ Attach the event listeners to checkOutInput\r\ncheckOutInput.addEventListener('change', () => handleDateInputChange('check-out'));\r\n});\r\n    <\/script>\r\n    \r\n    <style>\r\n    .cf7mls_next.action-button{\r\n        background-color: #976c28;\r\n    }\r\n    .wpcf7-list-item label{\r\n        display:flex;\r\n        flex-direction:row;\r\n        gap:5px;\r\n    }\r\n    .wpcf7-list-item label>input{\r\n        flex:1;\r\n    }\r\n    <\/style>\t\t\t\t<\/div>\n\t\t\t\t<\/div>\n\t\t\t\t<div class=\"elementor-element elementor-element-30dd756 elementor-widget elementor-widget-spacer\" data-id=\"30dd756\" data-element_type=\"widget\" data-e-type=\"widget\" data-widget_type=\"spacer.default\">\n\t\t\t\t<div class=\"elementor-widget-container\">\n\t\t\t\t\t\t\t<div class=\"elementor-spacer\">\n\t\t\t<div class=\"elementor-spacer-inner\"><\/div>\n\t\t<\/div>\n\t\t\t\t\t\t<\/div>\n\t\t\t\t<\/div>\n\t\t\t\t\t<\/div>\n\t\t<\/div>\n\t\t\t\t\t<\/div>\n\t\t<\/section>\n\t\t\t\t<\/div>\n\t\t<div style=\"margin: 20px 0;\"><div class=\"qrcswholewtapper\" style=\"text-align:left;\"><div class=\"qrcprowrapper\"  id=\"qrcwraa2leds\"><div class=\"qrc_canvass\" id=\"qrc_cuttenpages_2\" style=\"display:none\" data-text=\"https:\/\/www.hotelstil.com\/en\/rezervare\/\"><\/div><\/div><\/div><\/div>","protected":false},"excerpt":{"rendered":"<p>BOOKING FORM<\/p>","protected":false},"author":1,"featured_media":0,"parent":0,"menu_order":0,"comment_status":"closed","ping_status":"closed","template":"page-templates\/page_front-page.php","meta":{"_acf_changed":false,"footnotes":""},"class_list":["post-65","page","type-page","status-publish","hentry"],"acf":[],"yoast_head":"<!-- This site is optimized with the Yoast SEO plugin v27.4 - https:\/\/yoast.com\/product\/yoast-seo-wordpress\/ -->\n<title>Rezervare - Hotel Stil<\/title>\n<meta name=\"robots\" content=\"index, follow, max-snippet:-1, max-image-preview:large, max-video-preview:-1\" \/>\n<link rel=\"canonical\" href=\"https:\/\/www.hotelstil.com\/en\/rezervare\/\" \/>\n<meta property=\"og:locale\" content=\"en_US\" \/>\n<meta property=\"og:type\" content=\"article\" \/>\n<meta property=\"og:title\" content=\"Rezervare - Hotel Stil\" \/>\n<meta property=\"og:description\" content=\"FORMULAR DE REZERVARE\" \/>\n<meta property=\"og:url\" content=\"https:\/\/www.hotelstil.com\/en\/rezervare\/\" \/>\n<meta property=\"og:site_name\" content=\"Hotel Stil\" \/>\n<meta property=\"article:modified_time\" content=\"2024-02-01T06:19:48+00:00\" \/>\n<meta name=\"twitter:card\" content=\"summary_large_image\" \/>\n<meta name=\"twitter:label1\" content=\"Est. reading time\" \/>\n\t<meta name=\"twitter:data1\" content=\"1 minute\" \/>\n<script type=\"application\/ld+json\" class=\"yoast-schema-graph\">{\"@context\":\"https:\\\/\\\/schema.org\",\"@graph\":[{\"@type\":\"WebPage\",\"@id\":\"https:\\\/\\\/www.hotelstil.com\\\/rezervare\\\/\",\"url\":\"https:\\\/\\\/www.hotelstil.com\\\/rezervare\\\/\",\"name\":\"Rezervare - Hotel Stil\",\"isPartOf\":{\"@id\":\"https:\\\/\\\/www.hotelstil.com\\\/#website\"},\"datePublished\":\"2020-02-05T11:13:44+00:00\",\"dateModified\":\"2024-02-01T06:19:48+00:00\",\"inLanguage\":\"en-US\",\"potentialAction\":[{\"@type\":\"ReadAction\",\"target\":[\"https:\\\/\\\/www.hotelstil.com\\\/rezervare\\\/\"]}]},{\"@type\":\"WebSite\",\"@id\":\"https:\\\/\\\/www.hotelstil.com\\\/#website\",\"url\":\"https:\\\/\\\/www.hotelstil.com\\\/\",\"name\":\"Hotel Stil\",\"description\":\"\",\"potentialAction\":[{\"@type\":\"SearchAction\",\"target\":{\"@type\":\"EntryPoint\",\"urlTemplate\":\"https:\\\/\\\/www.hotelstil.com\\\/?s={search_term_string}\"},\"query-input\":{\"@type\":\"PropertyValueSpecification\",\"valueRequired\":true,\"valueName\":\"search_term_string\"}}],\"inLanguage\":\"en-US\"}]}<\/script>\n<!-- \/ Yoast SEO plugin. -->","yoast_head_json":{"title":"Rezervare - Hotel Stil","robots":{"index":"index","follow":"follow","max-snippet":"max-snippet:-1","max-image-preview":"max-image-preview:large","max-video-preview":"max-video-preview:-1"},"canonical":"https:\/\/www.hotelstil.com\/en\/rezervare\/","og_locale":"en_US","og_type":"article","og_title":"Rezervare - Hotel Stil","og_description":"FORMULAR DE REZERVARE","og_url":"https:\/\/www.hotelstil.com\/en\/rezervare\/","og_site_name":"Hotel Stil","article_modified_time":"2024-02-01T06:19:48+00:00","twitter_card":"summary_large_image","twitter_misc":{"Est. reading time":"1 minute"},"schema":{"@context":"https:\/\/schema.org","@graph":[{"@type":"WebPage","@id":"https:\/\/www.hotelstil.com\/rezervare\/","url":"https:\/\/www.hotelstil.com\/rezervare\/","name":"Rezervare - Hotel Stil","isPartOf":{"@id":"https:\/\/www.hotelstil.com\/#website"},"datePublished":"2020-02-05T11:13:44+00:00","dateModified":"2024-02-01T06:19:48+00:00","inLanguage":"en-US","potentialAction":[{"@type":"ReadAction","target":["https:\/\/www.hotelstil.com\/rezervare\/"]}]},{"@type":"WebSite","@id":"https:\/\/www.hotelstil.com\/#website","url":"https:\/\/www.hotelstil.com\/","name":"Hotel Stil","description":"","potentialAction":[{"@type":"SearchAction","target":{"@type":"EntryPoint","urlTemplate":"https:\/\/www.hotelstil.com\/?s={search_term_string}"},"query-input":{"@type":"PropertyValueSpecification","valueRequired":true,"valueName":"search_term_string"}}],"inLanguage":"en-US"}]}},"_links":{"self":[{"href":"https:\/\/www.hotelstil.com\/en\/wp-json\/wp\/v2\/pages\/65","targetHints":{"allow":["GET"]}}],"collection":[{"href":"https:\/\/www.hotelstil.com\/en\/wp-json\/wp\/v2\/pages"}],"about":[{"href":"https:\/\/www.hotelstil.com\/en\/wp-json\/wp\/v2\/types\/page"}],"author":[{"embeddable":true,"href":"https:\/\/www.hotelstil.com\/en\/wp-json\/wp\/v2\/users\/1"}],"replies":[{"embeddable":true,"href":"https:\/\/www.hotelstil.com\/en\/wp-json\/wp\/v2\/comments?post=65"}],"version-history":[{"count":0,"href":"https:\/\/www.hotelstil.com\/en\/wp-json\/wp\/v2\/pages\/65\/revisions"}],"wp:attachment":[{"href":"https:\/\/www.hotelstil.com\/en\/wp-json\/wp\/v2\/media?parent=65"}],"curies":[{"name":"wp","href":"https:\/\/api.w.org\/{rel}","templated":true}]}}