{"id":1681,"date":"2020-02-18T07:08:17","date_gmt":"2020-02-18T07:08:17","guid":{"rendered":"https:\/\/www.hotelstil.creare-siteweb.ro\/?page_id=1681"},"modified":"2020-09-19T11:29:40","modified_gmt":"2020-09-19T11:29:40","slug":"termenii-si-conditii-rezervare","status":"publish","type":"page","link":"https:\/\/www.hotelstil.com\/en\/termenii-si-conditii-rezervare\/","title":{"rendered":"Termenii si Conditii Rezervare"},"content":{"rendered":"<div data-elementor-type=\"wp-page\" data-elementor-id=\"1681\" class=\"elementor elementor-1681\" data-elementor-settings=\"{&quot;ha_cmc_init_switcher&quot;:&quot;no&quot;}\" data-elementor-post-type=\"page\">\n\t\t\t\t\t\t<section class=\"elementor-section elementor-top-section elementor-element elementor-element-2628a8c9 elementor-section-boxed elementor-section-height-default elementor-section-height-default\" data-id=\"2628a8c9\" data-element_type=\"section\" data-e-type=\"section\" data-settings=\"{&quot;_ha_eqh_enable&quot;:false}\">\n\t\t\t\t\t\t<div class=\"elementor-container elementor-column-gap-default\">\n\t\t\t\t\t<div class=\"elementor-column elementor-col-100 elementor-top-column elementor-element elementor-element-5fdbba1b\" data-id=\"5fdbba1b\" data-element_type=\"column\" data-e-type=\"column\">\n\t\t\t<div class=\"elementor-widget-wrap elementor-element-populated\">\n\t\t\t\t\t\t<div class=\"elementor-element elementor-element-4a094b17 elementor-widget elementor-widget-text-editor\" data-id=\"4a094b17\" data-element_type=\"widget\" data-e-type=\"widget\" data-widget_type=\"text-editor.default\">\n\t\t\t\t<div class=\"elementor-widget-container\">\n\t\t\t\t\t\t\t\t\tTERMENII SI CONDI\u021aIILE DE REZERVARE\t\t\t\t\t\t\t\t<\/div>\n\t\t\t\t<\/div>\n\t\t\t\t\t<\/div>\n\t\t<\/div>\n\t\t\t\t\t<\/div>\n\t\t<\/section>\n\t\t\t\t<section class=\"elementor-section elementor-top-section elementor-element elementor-element-4bc3f54 elementor-section-boxed elementor-section-height-default elementor-section-height-default\" data-id=\"4bc3f54\" data-element_type=\"section\" data-e-type=\"section\" data-settings=\"{&quot;_ha_eqh_enable&quot;:false}\">\n\t\t\t\t\t\t<div class=\"elementor-container elementor-column-gap-default\">\n\t\t\t\t\t<div class=\"elementor-column elementor-col-100 elementor-top-column elementor-element elementor-element-8937c87\" data-id=\"8937c87\" data-element_type=\"column\" data-e-type=\"column\">\n\t\t\t<div class=\"elementor-widget-wrap elementor-element-populated\">\n\t\t\t\t\t\t<div class=\"elementor-element elementor-element-7164876 elementor-widget elementor-widget-spacer\" data-id=\"7164876\" data-element_type=\"widget\" data-e-type=\"widget\" data-widget_type=\"spacer.default\">\n\t\t\t\t<div class=\"elementor-widget-container\">\n\t\t\t\t\t\t\t<div class=\"elementor-spacer\">\n\t\t\t<div class=\"elementor-spacer-inner\"><\/div>\n\t\t<\/div>\n\t\t\t\t\t\t<\/div>\n\t\t\t\t<\/div>\n\t\t\t\t\t<\/div>\n\t\t<\/div>\n\t\t\t\t\t<\/div>\n\t\t<\/section>\n\t\t\t\t<section class=\"elementor-section elementor-top-section elementor-element elementor-element-189338a elementor-section-boxed elementor-section-height-default elementor-section-height-default\" data-id=\"189338a\" data-element_type=\"section\" data-e-type=\"section\" data-settings=\"{&quot;_ha_eqh_enable&quot;:false}\">\n\t\t\t\t\t\t<div class=\"elementor-container elementor-column-gap-default\">\n\t\t\t\t\t<div class=\"elementor-column elementor-col-100 elementor-top-column elementor-element elementor-element-2c57212\" data-id=\"2c57212\" data-element_type=\"column\" data-e-type=\"column\">\n\t\t\t<div class=\"elementor-widget-wrap elementor-element-populated\">\n\t\t\t\t\t\t<div class=\"elementor-element elementor-element-e4e26da elementor-widget elementor-widget-text-editor\" data-id=\"e4e26da\" data-element_type=\"widget\" data-e-type=\"widget\" data-widget_type=\"text-editor.default\">\n\t\t\t\t<div class=\"elementor-widget-container\">\n\t\t\t\t\t\t\t\t\t<p><span style=\"font-family: Tahoma, sans-serif; font-size: 9pt;\">ANDRA COM INTERNATIONAL SERVICE S.R.L. sub denumirea comerciala de HOTEL STIL , cu sediul in Cluj-Napoca, Strada Fagetului nr.5B, inregistrata la Registrul Comertului <\/span><span style=\"font-family: Tahoma, sans-serif; font-size: 9pt;\">\u00a0sub nr. J12\/3725\/1991, CUI\u00a0 RO 228409, in calitate de proprietar al <\/span><span style=\"font-family: Tahoma, sans-serif; font-size: 9pt;\">website-ului www.hotelstil.com,\u00a0isi rezerva dreptul de a schimba si\u00a0<\/span><span style=\"font-family: Tahoma, sans-serif; font-size: 9pt;\">actualiza in orice moment continutul acestui website, precum\u00a0 si Termenii\u00a0<\/span><span style=\"font-family: Tahoma, sans-serif; font-size: 9pt;\">si conditiile de utilizare, fara niciun fel de notificare prealabila.\u00a0<\/span><\/p><p><strong><span style=\"font-size: 9pt; font-family: Tahoma, sans-serif;\">1. Acceptul<\/span><\/strong><\/p><p><span style=\"font-size: 9pt; font-family: Tahoma, sans-serif;\">Accesul\/vizitarea acestui website de catre dumneavoastra se supune Politicii de Confidentialitate si implica acceptul dumneavoastra explicit cu privire la acestia.\u00a0\u00a0Va rugam vizitati periodic aceasta sectiune pentru a putea vizualiza modificarile survenite pe parcurs. Utilizatorul este responsabil de toate activit\u0103\u021bile \u00eentocmite prin accesarea website-ului www.hotelstil.com.<strong>\u00a0HOTEL STIL\u00a0<\/strong>nu\u00a0se face responsabil de efectele care au loc pe fondul neglijen\u021bei utilizatorului, cu privire la siguran\u021ba datelor personale \u0219i a\u00a0confiden\u021bialit\u0103\u021bii.<\/span><\/p><p><strong><span style=\"font-size: 9pt; font-family: Tahoma, sans-serif;\">\u00a02. Continutul site-ului<\/span><\/strong><\/p><p><span style=\"font-size: 9pt; font-family: Tahoma, sans-serif;\">Permisiunea de utilizare a site-ului este acordata de catre titular numai in urmatoarele conditii:<\/span><\/p><p><span style=\"font-size: 9pt; font-family: Tahoma, sans-serif;\">a)Site-ul este utilizat exclusiv in scopuri personale si necomerciale;<\/span><\/p><p><span style=\"font-size: 9pt; font-family: Tahoma, sans-serif;\">b)Continutul site-ului nu este reprodus in medii on-line sau off-line fara acordul in prealabil din partea titularului;<\/span><\/p><p><span style=\"font-size: 9pt; font-family: Tahoma, sans-serif;\">c)\u00a0Acesta respecta in tot, cu titlu permanent, Regulamentul.<\/span><\/p><p><span style=\"font-size: 9pt; font-family: Tahoma, sans-serif;\">Folosirea\u00a0oricarui text, imagine, material din acest site in alte scopuri decat cele noncomerciale si cele specificate in site, fara acordul scris al\u00a0<strong>HOTEL STIL\u00a0<\/strong>, este<br \/>interzisa, toate acestea fiind protejate potrivit prevederilor legii dreptului de autor.<\/span><\/p><p><strong><span style=\"font-size: 9pt; font-family: Tahoma, sans-serif;\">3. Utilizare<\/span><\/strong><\/p><p><span style=\"font-size: 9pt; font-family: Tahoma, sans-serif;\">Puteti utiliza sistemul nostru de rezervari online pentru a verifica disponibilitatile\u00a0sau pentru a va calcula sejurul, iar daca finalizati rezervarea primiti imediat<br \/>confirmarea. Tariful total calculat in sistemul de rezervari online include\u00a0toate taxele.\u00a0<strong>Efectu\u00e2nd\u00a0o Rezervare a unui sejur accepta\u0163i \u015fi sunte\u0163i de acord cu politica de tarifare,<br \/>modificare, anulare \u015fi neprezentare.\u00a0V\u0103 rug\u0103m s\u0103 verifica\u0163i detaliile\u00a0(rezerv\u0103rii) pentru serviciul pe care l-a\u0163i ales pentru oricare asemenea\u00a0condi\u0163ii \u00eenainte de a efectua Rezervarea sejurului.\u00a0<\/strong><\/span><\/p><p><strong><span style=\"font-size: 9pt; font-family: Tahoma, sans-serif;\">4. Politici tarifare practicate<\/span><\/strong><\/p><p><span style=\"font-size: 9pt; font-family: Tahoma, sans-serif;\">a) Politica flexibila:\u00a0Rezervarea este garantat\u0103 p\u00e2n\u0103 la ora 16:00 din ziua\u00a0sosirii. Nu este necesar\u0103 plata pe loc sau furnizarea de detalii card. Plata\u00a0sejurului se face la Receptie la check-in. Daca oaspetele ajunge dup\u0103 ora\u00a016:00, rezervarea nu mai poate fi \u00eendeplinit\u0103.<\/span><\/p><p><span style=\"font-size: 9pt; font-family: Tahoma, sans-serif;\">b)Politica semi-flexibila: Rezervarea este confirmata imediat pe e-mailul dvs.\u00a0Furnizarea detaliilor de card este obligatorie. Cardul dvs va fi pre-autorizat\u00a0de proprietatea noastr\u0103 cu suma echivalenta primei nopti de cazare pentru a\u00a0garanta rezervarea.\u00a0<strong>HOTEL\u00a0STIL<\/strong>\u00a0isi rezerva dreptul de a anula rezervarea daca se\u00a0afla in imposibilitatea prea-autorizarii cardului.\u00a0Plata integrala a\u00a0sejurului se face la Receptie la sosire.\u00a0<\/span><\/p><p><span style=\"font-size: 9pt; font-family: Tahoma, sans-serif;\">c)Oferta de weekend:\u00a0\u00a0Rezervarea este confirmata imediat pe e-mailul\u00a0dvs. Furnizarea detaliilor de card este obligatorie. Cardul dvs va fi\u00a0pre-autorizat de proprietatea noastra cu suma echivalenta primei nopti de\u00a0cazare pentru a garanta rezervarea.\u00a0<strong>HOTEL\u00a0STIL<\/strong>\u00a0isi rezerva dreptul de a anula rezervarea daca se\u00a0afla in imposibilitatea prea-autorizarii cardului.\u00a0Plata integrala a\u00a0sejurului se face la Receptie la sosire.\u00a0<\/span><\/p><p><span style=\"font-family: Tahoma, sans-serif; font-size: 9pt;\">d)<\/span><span style=\"font-family: Tahoma, sans-serif; font-size: 9pt;\">Oferta nerambursabila: Rezervarea este confirmata imediat pe email dvs.\u00a0<\/span><span style=\"font-family: Tahoma, sans-serif; font-size: 9pt;\">Furnizarea detaliilor de card este obligatorie. Cardul dvs va fi debitat\u00a0<\/span><span style=\"font-family: Tahoma, sans-serif; font-size: 9pt;\">imediat dupa rezervare (fara posibilitate de rambursare) cu suma echivalenta\u00a0<\/span><span style=\"font-family: Tahoma, sans-serif; font-size: 9pt;\">sejurului rezervat\u00a0pentru a garanta rezervarea.\u00a0<\/span><strong style=\"font-family: Tahoma, sans-serif; font-size: 9pt;\">HOTEL STIL<\/strong><span style=\"font-family: Tahoma, sans-serif; font-size: 9pt;\">\u00a0isi\u00a0<\/span><span style=\"font-family: Tahoma, sans-serif; font-size: 9pt;\">rezerva dreptul de a anula imediat rezervarea daca se afla in imposibilitatea\u00a0<\/span><span style=\"font-family: Tahoma, sans-serif; font-size: 9pt;\">incasarii in avans a sumei integrale a sejurului rezervat.\u00a0<\/span><\/p><p><strong><span style=\"font-size: 9pt; font-family: Tahoma, sans-serif;\">5. Conditii de modificare si anulare\/neprezentare<\/span><\/strong><\/p><p><span style=\"font-size: 9pt; font-family: Tahoma, sans-serif;\">a)Politica flexibila: Oaspetele poate modifica\/anula gratuit pana la ora 16:00 a\u00a0zilei de sosire.\u00a0Daca oaspetele nu soseste pana la ora 16:00, rezervarea\u00a0va fi anulata automat de catre proprietate.\u00a0<\/span><\/p><p><span style=\"font-size: 9pt; font-family: Tahoma, sans-serif;\">b)Politica semi-flexibila: Oaspetele poate modifica\/anula gratuit cu pana la 24h\u00a0inainte de ziua sosirii ora 14:00. Dupa acest timp, orice modificare atrage\u00a0dupa sine plata sumei echivalenta cu prima noapte de cazare. Neprezentarea la rezervare va fi penalizata cu suma echivalenta primei nopti de cazare\u00a0si\u00a0anularea sejurului.<\/span><\/p><p><span style=\"font-size: 9pt; font-family: Tahoma, sans-serif;\">c)Oferta de weekend:\u00a0Oaspetele poate modifica\/anula gratuit cu pana la 24h\u00a0inainte de ziua sosirii ora 14:00. Dupa acest timp, orice modificare atrage dupa sine plata sumei echivalenta cu prima noapte de cazare. Neprezentarea la\u00a0rezervare va fi penalizata cu suma echivalenta primei nopti de cazare\u00a0si\u00a0anularea sejurului.<\/span><\/p><p><span style=\"font-size: 9pt; font-family: Tahoma, sans-serif;\">d)Oferta nerambursabila: Orice modificare sau anulare atrage dupa sine pierderea\u00a0tuturor platilor efectuate in avans. Nu ve\u0163i avea dreptul la nicio rambursare a\u00a0oric\u0103rei sume (nerambursabile) pl\u0103tite \u00een avans, cu excep\u0163ia cazului \u00een care\u00a0<strong>HOTEL STIL<\/strong>\u00a0este\u00a0de acord cu sau permite altceva prin politica sa de plat\u0103 (\u00een avans) sau\u00a0anulare.\u00a0<\/span><\/p><p><strong><span style=\"font-size: 9pt; font-family: Tahoma, sans-serif;\">6. Servicii incluse si servicii suplimentare<\/span><\/strong><\/p><p><span style=\"font-size: 9pt; font-family: Tahoma, sans-serif;\">Fiecarerezervare la cazare include: cazare in camere confortabile, mic-dejun delicios,\u00a0internet wi-fi nelimitat, 24\/7 parcare gratuita.<\/span><\/p><p><span style=\"font-size: 9pt; font-family: Tahoma, sans-serif;\">Servicii suplimentare pot fi rezervate impreuna cu serviciile de cazare precum: vin spumant in camera, check-out tarziu, bicicleta de inchiriat. Aceste servicii\u00a0sunt contra-cost si necesita confirmare ulterioara rezervarii din partea\u00a0<strong>HOTEL STIL.\u00a0<\/strong><\/span><\/p><h4><span style=\"font-size: 9.0pt; font-family: 'Tahoma',sans-serif; mso-fareast-font-family: 'Times New Roman'; color: black;\">7. Plata<\/span><\/h4><p><span style=\"font-size: 9pt; font-family: Tahoma, sans-serif;\">Plata\u00a0se efectueaza cu cardul bancar in sistemul de plati securizat furnizat de catre\u00a0platforma de rezervari. Detaliile de card sunt trimise in siguranta direct la\u00a0hotel.\u00a0<strong>Nu ve\u021bi\u00a0considera\u00a0HOTEL STIL\u00a0r\u0103spunz\u0103tor pentru orice tax\u0103 (autorizat\u0103,\u00a0presupus\u0103 sau gre\u0219it\u0103, inclusiv pentru pre\u021burile pl\u0103tite \u00een avans, neprezentare\u00a0\u0219i anulare cu plat\u0103) a cardului dumneavoastr\u0103 de debit\/credit.<\/strong><\/span><\/p><p><strong><span style=\"font-size: 9pt; font-family: Tahoma, sans-serif;\">8. Dispozi\u021bii finale<\/span><\/strong><\/p><p><span style=\"font-size: 9pt; font-family: Tahoma, sans-serif;\">Prin\u00a0ini\u021bializarea unei rezerv\u0103ri, clientul accept\u0103 termenii \u0219i condi\u021biile de rezervare,\u00a0<\/span><span style=\"font-family: Tahoma, sans-serif; font-size: 9pt;\">f\u0103r\u0103 obiec\u021bii, acestea av\u00e2nd valoarea unui contract.\u00a0<\/span><strong style=\"font-family: Tahoma, sans-serif; font-size: 9pt;\">HOTEL STIL\u00a0<\/strong><span style=\"font-family: Tahoma, sans-serif; font-size: 9pt;\">\u00a0\u00ee\u0219i rezerv\u0103 dreptul de a schimba aceste prevederi \u0219i website-ul<\/span><strong style=\"font-family: Tahoma, sans-serif; font-size: 9pt;\">\u00a0<\/strong><span style=\"font-family: Tahoma, sans-serif; font-size: 9pt;\">\u00een orice fel, f\u0103r\u0103 a anun\u021ba utilizatorii \u00een prealabil.<\/span><\/p><p><strong><span style=\"font-size: 9pt; font-family: Tahoma, sans-serif;\">9. Litigii<\/span><\/strong><span style=\"font-size: 9pt; font-family: Tahoma, sans-serif;\">\u00a0<\/span><\/p><p><span style=\"font-family: Tahoma, sans-serif; font-size: 9pt;\">Drepturile\u00a0<\/span><span style=\"font-family: Tahoma, sans-serif; font-size: 9pt;\">si obligatiile utilizatorilor site-ului, prevazute de Termeni si Conditii,\u00a0<\/span><span style=\"font-family: Tahoma, sans-serif; font-size: 9pt;\">precum si toate efectele juridice pe care le produc Termenii si Conditiile, vor\u00a0<\/span><span style=\"font-family: Tahoma, sans-serif; font-size: 9pt;\">fi interpretate si guvernate in conformitate cu legea romana in vigoare. Orice\u00a0<\/span><span style=\"font-family: Tahoma, sans-serif; font-size: 9pt;\">litigiu nascut din sau in legatura cu Termenii si Conditiile acestui site va fi\u00a0<\/span><span style=\"font-family: Tahoma, sans-serif; font-size: 9pt;\">solutionat\u00a0\u00a0mai intai pe cale amiabila. In caz de imposibilitate de a\u00a0<\/span><span style=\"font-family: Tahoma, sans-serif; font-size: 9pt;\">ajunge la un acord, litigiul va fi solutionat de catre instanta judecatoreasca\u00a0<\/span><span style=\"font-family: Tahoma, sans-serif; font-size: 9pt;\">romana competenta.<\/span><\/p>\t\t\t\t\t\t\t\t<\/div>\n\t\t\t\t<\/div>\n\t\t\t\t<div class=\"elementor-element elementor-element-6e2d314 elementor-widget elementor-widget-heading\" data-id=\"6e2d314\" data-element_type=\"widget\" data-e-type=\"widget\" data-widget_type=\"heading.default\">\n\t\t\t\t<div class=\"elementor-widget-container\">\n\t\t\t\t\t<h5 class=\"elementor-heading-title elementor-size-default\">Servicii incluse <\/h5>\t\t\t\t<\/div>\n\t\t\t\t<\/div>\n\t\t\t\t<div class=\"elementor-element elementor-element-a4bd75c elementor-widget elementor-widget-text-editor\" data-id=\"a4bd75c\" data-element_type=\"widget\" data-e-type=\"widget\" data-widget_type=\"text-editor.default\">\n\t\t\t\t<div class=\"elementor-widget-container\">\n\t\t\t\t\t\t\t\t\t<p>Mic-dejun<br \/>Internet wireless<br \/>Parcare supravegheat\u0103<br \/>Recep\u021bie deschisa 24\/7<br \/>Seif disponibil la recep\u021bie<br \/>Netbook disponibil la cerere<br \/>Servicii de fitness \u0219i sport<\/p>\t\t\t\t\t\t\t\t<\/div>\n\t\t\t\t<\/div>\n\t\t\t\t<div class=\"elementor-element elementor-element-88b7f1e elementor-widget elementor-widget-heading\" data-id=\"88b7f1e\" data-element_type=\"widget\" data-e-type=\"widget\" data-widget_type=\"heading.default\">\n\t\t\t\t<div class=\"elementor-widget-container\">\n\t\t\t\t\t<h5 class=\"elementor-heading-title elementor-size-default\">Servicii disponibile contra cost<\/h5>\t\t\t\t<\/div>\n\t\t\t\t<\/div>\n\t\t\t\t<div class=\"elementor-element elementor-element-21f8209 elementor-widget elementor-widget-text-editor\" data-id=\"21f8209\" data-element_type=\"widget\" data-e-type=\"widget\" data-widget_type=\"text-editor.default\">\n\t\t\t\t<div class=\"elementor-widget-container\">\n\t\t\t\t\t\t\t\t\tServicii de sp\u0103lat \u0219i c\u0103lcat haine <br>\nServiciu de inchiriere sal\u0103 de conferin\u021b\u0103<br>\nServiciu de servire mas\u0103 \u00een restaurant<br>\t\t\t\t\t\t\t\t<\/div>\n\t\t\t\t<\/div>\n\t\t\t\t<div class=\"elementor-element elementor-element-b4c5944 elementor-widget elementor-widget-heading\" data-id=\"b4c5944\" data-element_type=\"widget\" data-e-type=\"widget\" data-widget_type=\"heading.default\">\n\t\t\t\t<div class=\"elementor-widget-container\">\n\t\t\t\t\t<h5 class=\"elementor-heading-title elementor-size-default\">Informa\u021bii utile<\/h5>\t\t\t\t<\/div>\n\t\t\t\t<\/div>\n\t\t\t\t<div class=\"elementor-element elementor-element-90c1da0 elementor-widget elementor-widget-text-editor\" data-id=\"90c1da0\" data-element_type=\"widget\" data-e-type=\"widget\" data-widget_type=\"text-editor.default\">\n\t\t\t\t<div class=\"elementor-widget-container\">\n\t\t\t\t\t\t\t\t\tCheck-in: dup\u0103 ora 14:00<br>\nCheck-out: \u00eenainte de ora 11:00<br>\nPolitic\u0103 copii: Un copil p\u00e2n\u0103 \u00een 6 ani poate dormi cu p\u0103rin\u021bii dac\u0103 folose\u0219te paturile existente.<br>\nOrar de servire mic-dejun: 07:00-09:00<br>\nOrar de func\u021bionare restaurant: 07:00-23:00 <br>\nC\u0103r\u021bi de credit acceptate: VISA, MasterCard <br>\nTichete de vacan\u021b\u0103 acceptate: Sodexo, Edenred, Up <br>\nAcces animale: nepermis<br>\n\n<em>Dac\u0103 sunte\u021bi fum\u0103tor v\u0103 rug\u0103m solicita\u021bi o camer\u0103 cu balcon! V\u0103 mul\u021bumim<\/em>\t\t\t\t\t\t\t\t<\/div>\n\t\t\t\t<\/div>\n\t\t\t\t\t<\/div>\n\t\t<\/div>\n\t\t\t\t\t<\/div>\n\t\t<\/section>\n\t\t\t\t<section class=\"elementor-section elementor-top-section elementor-element elementor-element-5cfff38 elementor-section-boxed elementor-section-height-default elementor-section-height-default\" data-id=\"5cfff38\" data-element_type=\"section\" data-e-type=\"section\" data-settings=\"{&quot;_ha_eqh_enable&quot;:false}\">\n\t\t\t\t\t\t<div class=\"elementor-container elementor-column-gap-default\">\n\t\t\t\t\t<div class=\"elementor-column elementor-col-100 elementor-top-column elementor-element elementor-element-44b8431\" data-id=\"44b8431\" data-element_type=\"column\" data-e-type=\"column\">\n\t\t\t<div class=\"elementor-widget-wrap elementor-element-populated\">\n\t\t\t\t\t\t<div class=\"elementor-element elementor-element-a298897 elementor-widget elementor-widget-spacer\" data-id=\"a298897\" data-element_type=\"widget\" data-e-type=\"widget\" data-widget_type=\"spacer.default\">\n\t\t\t\t<div class=\"elementor-widget-container\">\n\t\t\t\t\t\t\t<div class=\"elementor-spacer\">\n\t\t\t<div class=\"elementor-spacer-inner\"><\/div>\n\t\t<\/div>\n\t\t\t\t\t\t<\/div>\n\t\t\t\t<\/div>\n\t\t\t\t\t<\/div>\n\t\t<\/div>\n\t\t\t\t\t<\/div>\n\t\t<\/section>\n\t\t\t\t<section class=\"elementor-section elementor-top-section elementor-element elementor-element-5000edab elementor-section-full_width elementor-section-height-default elementor-section-height-default\" data-id=\"5000edab\" data-element_type=\"section\" data-e-type=\"section\" data-settings=\"{&quot;background_background&quot;:&quot;classic&quot;,&quot;_ha_eqh_enable&quot;:false}\">\n\t\t\t\t\t\t<div class=\"elementor-container elementor-column-gap-default\">\n\t\t\t\t\t<div class=\"elementor-column elementor-col-100 elementor-top-column elementor-element elementor-element-5cf3e04b\" data-id=\"5cf3e04b\" data-element_type=\"column\" data-e-type=\"column\">\n\t\t\t<div class=\"elementor-widget-wrap elementor-element-populated\">\n\t\t\t\t\t\t<div class=\"elementor-element elementor-element-4e556e39 elementor-widget elementor-widget-text-editor\" data-id=\"4e556e39\" data-element_type=\"widget\" data-e-type=\"widget\" data-widget_type=\"text-editor.default\">\n\t\t\t\t<div class=\"elementor-widget-container\">\n\t\t\t\t\t\t\t\t\tAi intrebari? Nu ezita s\u0103 ne contactezi! <strong>|<a href=\"\/en\/contact\/\" style=\"color:black;\">CONTACT<\/a><\/strong>\t\t\t\t\t\t\t\t<\/div>\n\t\t\t\t<\/div>\n\t\t\t\t\t<\/div>\n\t\t<\/div>\n\t\t\t\t\t<\/div>\n\t\t<\/section>\n\t\t\t\t<\/div>\n\t\t<div style=\"margin: 20px 0;\"><div class=\"qrcswholewtapper\" style=\"text-align:left;\"><div class=\"qrcprowrapper\"  id=\"qrcwraa2leds\"><div class=\"qrc_canvass\" id=\"qrc_cuttenpages_2\" style=\"display:none\" data-text=\"https:\/\/www.hotelstil.com\/en\/termenii-si-conditii-rezervare\/\"><\/div><\/div><\/div><\/div>","protected":false},"excerpt":{"rendered":"<p>TERMENII SI CONDI\u021aIILE DE REZERVARE ANDRA COM INTERNATIONAL SERVICE S.R.L. sub denumirea comerciala de HOTEL STIL , cu sediul in Cluj-Napoca, Strada [&hellip;]<\/p>\n","protected":false},"author":1,"featured_media":0,"parent":0,"menu_order":0,"comment_status":"closed","ping_status":"closed","template":"page-templates\/page_front-page.php","meta":{"_acf_changed":false,"footnotes":""},"class_list":["post-1681","page","type-page","status-publish","hentry"],"acf":[],"yoast_head":"<!-- This site is optimized with the Yoast SEO plugin v27.4 - https:\/\/yoast.com\/product\/yoast-seo-wordpress\/ -->\n<title>Termenii si Conditii Rezervare - Hotel Stil<\/title>\n<meta name=\"robots\" content=\"index, follow, max-snippet:-1, max-image-preview:large, max-video-preview:-1\" \/>\n<link rel=\"canonical\" href=\"https:\/\/www.hotelstil.com\/en\/termenii-si-conditii-rezervare\/\" \/>\n<meta property=\"og:locale\" content=\"en_US\" \/>\n<meta property=\"og:type\" content=\"article\" \/>\n<meta property=\"og:title\" content=\"Termenii si Conditii Rezervare - Hotel Stil\" \/>\n<meta property=\"og:description\" content=\"TERMENII SI CONDI\u021aIILE DE REZERVARE ANDRA COM INTERNATIONAL SERVICE S.R.L. sub denumirea comerciala de HOTEL STIL , cu sediul in Cluj-Napoca, Strada [&hellip;]\" \/>\n<meta property=\"og:url\" content=\"https:\/\/www.hotelstil.com\/en\/termenii-si-conditii-rezervare\/\" \/>\n<meta property=\"og:site_name\" content=\"Hotel Stil\" \/>\n<meta property=\"article:modified_time\" content=\"2020-09-19T11:29:40+00:00\" \/>\n<meta name=\"twitter:card\" content=\"summary_large_image\" \/>\n<meta name=\"twitter:label1\" content=\"Est. reading time\" \/>\n\t<meta name=\"twitter:data1\" content=\"6 minutes\" \/>\n<script type=\"application\/ld+json\" class=\"yoast-schema-graph\">{\"@context\":\"https:\\\/\\\/schema.org\",\"@graph\":[{\"@type\":\"WebPage\",\"@id\":\"https:\\\/\\\/www.hotelstil.com\\\/termenii-si-conditii-rezervare\\\/\",\"url\":\"https:\\\/\\\/www.hotelstil.com\\\/termenii-si-conditii-rezervare\\\/\",\"name\":\"Termenii si Conditii Rezervare - Hotel Stil\",\"isPartOf\":{\"@id\":\"https:\\\/\\\/www.hotelstil.com\\\/#website\"},\"datePublished\":\"2020-02-18T07:08:17+00:00\",\"dateModified\":\"2020-09-19T11:29:40+00:00\",\"inLanguage\":\"en-US\",\"potentialAction\":[{\"@type\":\"ReadAction\",\"target\":[\"https:\\\/\\\/www.hotelstil.com\\\/termenii-si-conditii-rezervare\\\/\"]}]},{\"@type\":\"WebSite\",\"@id\":\"https:\\\/\\\/www.hotelstil.com\\\/#website\",\"url\":\"https:\\\/\\\/www.hotelstil.com\\\/\",\"name\":\"Hotel Stil\",\"description\":\"\",\"potentialAction\":[{\"@type\":\"SearchAction\",\"target\":{\"@type\":\"EntryPoint\",\"urlTemplate\":\"https:\\\/\\\/www.hotelstil.com\\\/?s={search_term_string}\"},\"query-input\":{\"@type\":\"PropertyValueSpecification\",\"valueRequired\":true,\"valueName\":\"search_term_string\"}}],\"inLanguage\":\"en-US\"}]}<\/script>\n<!-- \/ Yoast SEO plugin. -->","yoast_head_json":{"title":"Termenii si Conditii Rezervare - Hotel Stil","robots":{"index":"index","follow":"follow","max-snippet":"max-snippet:-1","max-image-preview":"max-image-preview:large","max-video-preview":"max-video-preview:-1"},"canonical":"https:\/\/www.hotelstil.com\/en\/termenii-si-conditii-rezervare\/","og_locale":"en_US","og_type":"article","og_title":"Termenii si Conditii Rezervare - Hotel Stil","og_description":"TERMENII SI CONDI\u021aIILE DE REZERVARE ANDRA COM INTERNATIONAL SERVICE S.R.L. sub denumirea comerciala de HOTEL STIL , cu sediul in Cluj-Napoca, Strada [&hellip;]","og_url":"https:\/\/www.hotelstil.com\/en\/termenii-si-conditii-rezervare\/","og_site_name":"Hotel Stil","article_modified_time":"2020-09-19T11:29:40+00:00","twitter_card":"summary_large_image","twitter_misc":{"Est. reading time":"6 minutes"},"schema":{"@context":"https:\/\/schema.org","@graph":[{"@type":"WebPage","@id":"https:\/\/www.hotelstil.com\/termenii-si-conditii-rezervare\/","url":"https:\/\/www.hotelstil.com\/termenii-si-conditii-rezervare\/","name":"Termenii si Conditii Rezervare - Hotel Stil","isPartOf":{"@id":"https:\/\/www.hotelstil.com\/#website"},"datePublished":"2020-02-18T07:08:17+00:00","dateModified":"2020-09-19T11:29:40+00:00","inLanguage":"en-US","potentialAction":[{"@type":"ReadAction","target":["https:\/\/www.hotelstil.com\/termenii-si-conditii-rezervare\/"]}]},{"@type":"WebSite","@id":"https:\/\/www.hotelstil.com\/#website","url":"https:\/\/www.hotelstil.com\/","name":"Hotel Stil","description":"","potentialAction":[{"@type":"SearchAction","target":{"@type":"EntryPoint","urlTemplate":"https:\/\/www.hotelstil.com\/?s={search_term_string}"},"query-input":{"@type":"PropertyValueSpecification","valueRequired":true,"valueName":"search_term_string"}}],"inLanguage":"en-US"}]}},"_links":{"self":[{"href":"https:\/\/www.hotelstil.com\/en\/wp-json\/wp\/v2\/pages\/1681","targetHints":{"allow":["GET"]}}],"collection":[{"href":"https:\/\/www.hotelstil.com\/en\/wp-json\/wp\/v2\/pages"}],"about":[{"href":"https:\/\/www.hotelstil.com\/en\/wp-json\/wp\/v2\/types\/page"}],"author":[{"embeddable":true,"href":"https:\/\/www.hotelstil.com\/en\/wp-json\/wp\/v2\/users\/1"}],"replies":[{"embeddable":true,"href":"https:\/\/www.hotelstil.com\/en\/wp-json\/wp\/v2\/comments?post=1681"}],"version-history":[{"count":0,"href":"https:\/\/www.hotelstil.com\/en\/wp-json\/wp\/v2\/pages\/1681\/revisions"}],"wp:attachment":[{"href":"https:\/\/www.hotelstil.com\/en\/wp-json\/wp\/v2\/media?parent=1681"}],"curies":[{"name":"wp","href":"https:\/\/api.w.org\/{rel}","templated":true}]}}